{"id":2179,"date":"2014-05-05T17:09:48","date_gmt":"2014-05-05T17:09:48","guid":{"rendered":"http:\/\/www.marcos-fernandez.es\/?page_id=2179"},"modified":"2020-10-26T22:16:34","modified_gmt":"2020-10-26T22:16:34","slug":"contact-5","status":"publish","type":"page","link":"https:\/\/www.marcos-fernandez.es\/en\/contact-5\/","title":{"rendered":"CONTACT"},"content":{"rendered":"<p><img decoding=\"async\" class=\"alignleft\" title=\"Marcos Fern\u00e1ndez\" src=\"https:\/\/www.marcos-fernandez.es\/wp-content\/uploads\/contact-photo-2.jpg\" alt=\"\"><\/p>\n\n\n\n\n<p style=\"text-align: center;\"><br \/><a href=\"https:\/\/www.marcos-fernandez.es\/wp-content\/uploads\/Contact.jpg\"><img loading=\"lazy\" decoding=\"async\" class=\"size-medium wp-image-4063 aligncenter\" src=\"https:\/\/www.marcos-fernandez.es\/wp-content\/uploads\/Contact-300x128.jpg\" alt=\"\" width=\"300\" height=\"128\" srcset=\"https:\/\/www.marcos-fernandez.es\/wp-content\/uploads\/Contact-300x128.jpg 300w, https:\/\/www.marcos-fernandez.es\/wp-content\/uploads\/Contact-768x328.jpg 768w, https:\/\/www.marcos-fernandez.es\/wp-content\/uploads\/Contact.jpg 822w\" sizes=\"auto, (max-width: 300px) 100vw, 300px\" \/><\/a><a href=\"https:\/\/www.superprof.es\/clases-piano-barcelona-graduado-londres-profesor-conservatorio-municipal.html\">Marcos<\/a> has a devotion for teaching both of <a href=\"https:\/\/www.tusclasesparticulares.com\/profesores\/barcelona\/composicion-banda-sonora-creacion-canciones-song-writing-arreglos-armonia-1816700\">composition<\/a> and <a href=\"https:\/\/www.tusclasesparticulares.com\/profesores\/madrid\/todos-niveles-personalizadas-motivando-capacidad-ser-autonomo-1693929\">piano.\u00a0<\/a><br \/>He founded and taught the composition course at the Trinity Music Academy in London, was a professor of composition, harmony, and analysis at the TAI University Center, and currently teaches at the Municipal Conservatory of Music in Barcelona, where he also offers private classes in his studio (Piano Underscore Studio). Do not hesitate to contact Marcos Fernandez-Barrero if you would like to request information.<\/p>\n<p style=\"text-align: center;\">\u00a0<\/p>","protected":false},"excerpt":{"rendered":"<p>Marcos posee una devoci\u00f3n por la ense\u00f1anza tanto de composici\u00f3n como de piano.\u00a0Ha fundado e impartido el curso de composici\u00f3n&hellip;<\/p>","protected":false},"author":1,"featured_media":0,"parent":0,"menu_order":0,"comment_status":"closed","ping_status":"closed","template":"","meta":{"footnotes":""},"class_list":["post-2179","page","type-page","status-publish","hentry"],"_links":{"self":[{"href":"https:\/\/www.marcos-fernandez.es\/en\/wp-json\/wp\/v2\/pages\/2179","targetHints":{"allow":["GET"]}}],"collection":[{"href":"https:\/\/www.marcos-fernandez.es\/en\/wp-json\/wp\/v2\/pages"}],"about":[{"href":"https:\/\/www.marcos-fernandez.es\/en\/wp-json\/wp\/v2\/types\/page"}],"author":[{"embeddable":true,"href":"https:\/\/www.marcos-fernandez.es\/en\/wp-json\/wp\/v2\/users\/1"}],"replies":[{"embeddable":true,"href":"https:\/\/www.marcos-fernandez.es\/en\/wp-json\/wp\/v2\/comments?post=2179"}],"version-history":[{"count":21,"href":"https:\/\/www.marcos-fernandez.es\/en\/wp-json\/wp\/v2\/pages\/2179\/revisions"}],"predecessor-version":[{"id":4185,"href":"https:\/\/www.marcos-fernandez.es\/en\/wp-json\/wp\/v2\/pages\/2179\/revisions\/4185"}],"wp:attachment":[{"href":"https:\/\/www.marcos-fernandez.es\/en\/wp-json\/wp\/v2\/media?parent=2179"}],"curies":[{"name":"wp","href":"https:\/\/api.w.org\/{rel}","templated":true}]}}