{"id":3922,"date":"2020-10-12T17:58:30","date_gmt":"2020-10-12T17:58:30","guid":{"rendered":"https:\/\/www.marcos-fernandez.es\/?page_id=3922"},"modified":"2024-09-08T14:53:55","modified_gmt":"2024-09-08T14:53:55","slug":"premios","status":"publish","type":"page","link":"https:\/\/www.marcos-fernandez.es\/en\/premios\/","title":{"rendered":"Awards"},"content":{"rendered":"<p><span style=\"color: #000000; font-family: georgia, palatino;\"><strong>Manhattan International Music Competition 2024<br \/>\n<\/strong>I Prize (<em>First Great Award) at the Composition Competition Category 2024. (New York, USA)<\/em>\u00a0<\/span><\/p>\n<p><span style=\"color: #000000; font-family: georgia, palatino;\"><strong>Busan Maru International Music Festival 2023<\/strong><br \/>\nI Prize &#8211;\u00a0 Composition Competition for the work &#8216;America&#8217; for symphony orchestra. Busan (South Korea 2023)<\/span><\/p>\n<p><span style=\"color: #000000; font-family: georgia, palatino;\"><strong>V Concurso Internacional de Composici\u00f3n Musical Ateneo de La Laguna<\/strong><br \/>\nComposition Award for the work &#8216;Assamblage&#8217; for flute quartet . Tenerife 2023<\/span><\/p>\n<p><span style=\"color: #000000; font-family: georgia, palatino;\"><strong>The International Conductors Union &#8211; ICU International Composers Contest<\/strong><br \/>\nV Prize &#8211; Symphonic Music Category. Odessa National Opera&amp;Ballet Theatre. Ucrania 2021<\/span><\/p>\n<p style=\"text-align: left;\"><span style=\"color: #000000; font-family: georgia, palatino;\"><strong>III Festival de\u00a0 M\u00fasica de C\u00e1mara Agust\u00edn Ramos 2018\u00a0\u00a0<\/strong><\/span><br \/>\n<span style=\"color: #000000; font-family: georgia, palatino;\">I Prize &#8211; Agust\u00edn Ramos Composition Competition, La Candelaria. Tenerife 2018<\/span><\/p>\n<p style=\"text-align: left;\"><span style=\"color: #000000; font-family: georgia, palatino;\"><strong>III Festival de\u00a0 M\u00fasica de C\u00e1mara Agust\u00edn Ramos 2018\u00a0\u00a0<\/strong><\/span><br \/>\n<span style=\"color: #000000; font-family: georgia, palatino;\">II Prize\u00a0&#8211;\u00a0Agust\u00edn Ramos Composition Competition, La Candelaria.\u00a0Tenerife\u00a02018<\/span><\/p>\n<p style=\"text-align: left;\"><span style=\"color: #000000; font-family: georgia, palatino;\"><strong>Association of Symphony Orchestras of Spain &#8211; BBVA Foundation\u00a0\u00a0<\/strong><\/span><br \/>\n<span style=\"color: #000000; font-family: georgia, palatino;\">IX Premio de Composici\u00f3n AEOS-Fundaci\u00f3n BBVA. Madrid 2017<\/span><\/p>\n<p style=\"text-align: left;\"><span style=\"color: #000000; font-family: georgia, palatino;\"><strong>Creative Europe Programme &#8211; Eu.Terpe<\/strong><\/span><br \/>\n<span style=\"color: #000000; font-family: georgia, palatino;\">Winner (representing Spain) of European project<em>\u201cA debut opera for an inclusive Europe\u201d.<\/em>\u00a0Bosnia 2017<\/span><\/p>\n<p style=\"text-align: left;\"><span style=\"color: #000000; font-family: georgia, palatino;\"><strong>Orion Symphony Orchestra 2015<\/strong><\/span><br \/>\n<span style=\"color: #000000; font-family: georgia, palatino;\">Finalist of the Orion Composers&#8217; Competition, London 2015<\/span><\/p>\n<p style=\"text-align: left;\"><span style=\"color: #000000; font-family: georgia, palatino;\"><strong>Young Composers&#8217; Competition SGAE\/Fundacion Autor CNDM 2015<\/strong><\/span><br \/>\n<span style=\"color: #000000; font-family: georgia, palatino;\">Prize Francisco Guerrero Mar\u00edn. Madrid 2015<\/span><\/p>\n<p style=\"text-align: left;\"><span style=\"color: #000000; font-family: georgia, palatino;\"><strong>Societe Royale d\u2019Harmonie (Sorodha) 2014<\/strong><\/span><br \/>\n<span style=\"color: #000000; font-family: georgia, palatino;\">Winner of the Audience Prize &#8211; III Composition Competition. Antwerp, Belgium 2014<\/span><\/p>\n<p style=\"text-align: left;\"><span style=\"color: #000000; font-family: georgia, palatino;\"><strong>Malta Philharmonic Orchestra 2013<\/strong><\/span><br \/>\n<span style=\"color: #000000; font-family: georgia, palatino;\"> Winner of the Young Composers&#8217; Competition. Malta 2013<\/span><\/p>\n<p style=\"text-align: left;\"><span style=\"color: #000000; font-family: georgia, palatino;\"><strong>Orquesta Sinf\u00f3nica del Principado de Asturias 2013<\/strong><\/span><br \/>\n<span style=\"color: #000000; font-family: georgia, palatino;\"> I Prize &#8211; Young Composers&#8217; Competition OSPA 2013<\/span><\/p>\n<p style=\"text-align: left;\"><span style=\"color: #000000; font-family: georgia, palatino;\"><strong>Young Composers&#8217; Competition SGAE\/Fundacion Autor CNDM 2012<\/strong><\/span><br \/>\n<span style=\"color: #000000; font-family: georgia, palatino;\"> Prize Francisco Guerrero Mar\u00edn. Madrid 2012<\/span><\/p>\n<p style=\"text-align: left;\"><span style=\"color: #000000; font-family: georgia, palatino;\"><strong>Societe Royale d\u2019Harmonie (Sorodha) 2012<\/strong><\/span><br \/>\n<span style=\"color: #000000; font-family: georgia, palatino;\"> Winner of the Audience Prize \u00a0&#8211; I Composition Competition. Antwerp, Belgium 2012<\/span><\/p>\n<p style=\"text-align: left;\"><span style=\"color: #000000; font-family: georgia, palatino;\"> <strong>Malta Philharmonic Orchestra 2010<\/strong><\/span><br \/>\n<span style=\"color: #000000; font-family: georgia, palatino;\"> Winner of the Young Composers&#8217; Competition. Malta 2010<\/span><\/p>\n<p style=\"text-align: left;\"><span style=\"color: #000000; font-family: georgia, palatino;\"> <strong>Orion Symphony Orchestra and Royal Overseas League<\/strong><\/span><br \/>\n<span style=\"color: #000000; font-family: georgia, palatino;\"> Finalist of the Composers&#8217; Competition, London 2011<\/span><\/p>\n<p style=\"text-align: left;\"><span style=\"color: #000000; font-family: georgia, palatino;\"> <strong>Le Ville Matte 2010 &#8211; Composer in Residence<\/strong><\/span><br \/>\n<span style=\"color: #000000; font-family: georgia, palatino;\"> Commission for the MCM Ensemble and Paul Waters<\/span><\/p>\n<p style=\"text-align: left;\"><span style=\"color: #000000; font-family: georgia, palatino;\"> <strong>BCN Visual Sound festival<\/strong><\/span><br \/>\n<span style=\"color: #000000; font-family: georgia, palatino;\"> I Prize Film Composition. Barcelona 2010<\/span><\/p>\n<p style=\"text-align: left;\"><span style=\"color: #000000; font-family: georgia, palatino;\"> <strong>I Prize of Composition<\/strong><\/span><br \/>\n<span style=\"color: #000000; font-family: georgia, palatino;\"> Conservatori Isaac Albeniz. Girona-Spain 2009<\/span><\/p>\n<p style=\"text-align: left;\"><span style=\"color: #000000; font-family: georgia, palatino;\"> <strong>Composition Forum of the British Conservatoires<\/strong><\/span><br \/>\n<span style=\"color: #000000; font-family: georgia, palatino;\"> Selected Composer to represent the RSAMD at the. Glasgow 2008<\/span><\/p>\n<p style=\"text-align: left;\"><span style=\"color: #000000; font-family: georgia, palatino;\"> <strong>Dinnah Wolfe Memorial Award.<\/strong><\/span><br \/>\n<span style=\"color: #000000; font-family: georgia, palatino;\"> II Prize &#8211; Royal Conservatoire of Scotland. Glasgow 2007<\/span><\/p>\n<p style=\"text-align: left;\"><span style=\"color: #000000; font-family: georgia, palatino;\"> <strong>The Patrond\u2019s Fund Prize of Composition<\/strong><\/span><br \/>\n<span style=\"color: #000000; font-family: georgia, palatino;\"> Royal College of Music. London 2007<\/span><\/p>\n<p style=\"text-align: left;\"><span style=\"color: #000000; font-family: georgia, palatino;\"> <strong>I Prize<\/strong><\/span><br \/>\n<span style=\"color: #000000; font-family: georgia, palatino;\"> Instrumental Competition of Sant Anastassi, Lleida-Spain 2006<\/span><\/p>\n<p style=\"text-align: left;\"><span style=\"color: #000000; font-family: georgia, palatino;\"> <strong>III Prize<\/strong><\/span><br \/>\n<span style=\"color: #000000; font-family: georgia, palatino;\"> Instrumental Competition of Sant Anastassi, Lleida-Spain 2005<\/span><\/p>\n<p style=\"text-align: left;\"><span style=\"color: #000000; font-family: georgia, palatino;\"> <strong>Fundaci\u00f3 Rius i Virgili<\/strong><\/span><br \/>\n<span style=\"color: #000000; font-family: georgia, palatino;\"> I Prize of Composition, Barcelona 2001<\/span><\/p>\n<p style=\"text-align: left;\"><span style=\"color: #000000; font-family: georgia, palatino;\"> <strong>II Prize<\/strong><\/span><br \/>\n<span style=\"color: #000000; font-family: georgia, palatino;\"> Piano Competition of Vilafranca del Penedes. Barcelona 2001<\/span><\/p>\n<p style=\"text-align: left;\"><span style=\"color: #000000; font-family: georgia, palatino;\"> <strong>Winner Category C<\/strong><\/span><br \/>\n<span style=\"color: #000000; font-family: georgia, palatino;\"> International Piano Competition of Berga. Barcelona 1999<\/span><\/p>\n<p style=\"text-align: left;\"><span style=\"color: #000000; font-family: georgia, palatino;\"> <strong>Award Associacio Catalana de Compositors<\/strong><\/span><br \/>\n<span style=\"color: #000000; font-family: georgia, palatino;\"> Barcelona 1999<\/span><\/p>\n<p style=\"text-align: left;\">","protected":false},"excerpt":{"rendered":"<p>Manhattan International Music Competition 2024 I Prize (First Great Award) at the Composition Competition Category 2024. (New York, USA)\u00a0 Busan&hellip;<\/p>","protected":false},"author":1,"featured_media":0,"parent":0,"menu_order":0,"comment_status":"closed","ping_status":"closed","template":"","meta":{"footnotes":""},"class_list":["post-3922","page","type-page","status-publish","hentry"],"_links":{"self":[{"href":"https:\/\/www.marcos-fernandez.es\/en\/wp-json\/wp\/v2\/pages\/3922","targetHints":{"allow":["GET"]}}],"collection":[{"href":"https:\/\/www.marcos-fernandez.es\/en\/wp-json\/wp\/v2\/pages"}],"about":[{"href":"https:\/\/www.marcos-fernandez.es\/en\/wp-json\/wp\/v2\/types\/page"}],"author":[{"embeddable":true,"href":"https:\/\/www.marcos-fernandez.es\/en\/wp-json\/wp\/v2\/users\/1"}],"replies":[{"embeddable":true,"href":"https:\/\/www.marcos-fernandez.es\/en\/wp-json\/wp\/v2\/comments?post=3922"}],"version-history":[{"count":12,"href":"https:\/\/www.marcos-fernandez.es\/en\/wp-json\/wp\/v2\/pages\/3922\/revisions"}],"predecessor-version":[{"id":4794,"href":"https:\/\/www.marcos-fernandez.es\/en\/wp-json\/wp\/v2\/pages\/3922\/revisions\/4794"}],"wp:attachment":[{"href":"https:\/\/www.marcos-fernandez.es\/en\/wp-json\/wp\/v2\/media?parent=3922"}],"curies":[{"name":"wp","href":"https:\/\/api.w.org\/{rel}","templated":true}]}}