{"id":3936,"date":"2020-10-12T18:51:59","date_gmt":"2020-10-12T18:51:59","guid":{"rendered":"https:\/\/www.marcos-fernandez.es\/?page_id=3936"},"modified":"2024-10-29T00:30:05","modified_gmt":"2024-10-29T00:30:05","slug":"orquesta","status":"publish","type":"page","link":"https:\/\/www.marcos-fernandez.es\/en\/orquesta\/","title":{"rendered":"Orchestra"},"content":{"rendered":"<p>Selection of works for orchestra. Go to <a href=\"https:\/\/www.marcos-fernandez.es\/en\/catalogue\/\">Catalogue<\/a> to access to all of his symphonic work<\/p>\n<table style=\"border-collapse: collapse; width: 100%; height: 241px;\">\n<tbody>\n<tr style=\"height: 19px;\">\n<td style=\"width: 50.3125%; height: 19px;\"><strong>Concerto for Sax Quartet and Orchestra<\/strong> (2024) 25&#8242;<br \/>\n<em><span style=\"color: #999999;\">2.2.2.2\/ 4.2.0.0. \/ Timp. 1 Perc. \/ Strings<br \/>\n<\/span><\/em><span style=\"color: #000000;\">Obra encargo de la Orquesta Sinf\u00f3nica del Vall\u00e9s, estrenada en el Palau de la M\u00fasica Catalana el 5 Octubre 2024 por el Kebyart y la Orquesta Sinf\u00f3nica del Vall\u00e9s<\/span><\/td>\n<td style=\"width: 49.6875%; height: 19px;\"><iframe loading=\"lazy\" src=\"\/\/www.youtube.com\/embed\/npvrV_sjaRE\" width=\"443\" height=\"248\" allowfullscreen=\"allowfullscreen\"><\/iframe><\/td>\n<\/tr>\n<tr style=\"height: 22px;\">\n<td style=\"width: 50.3125%; height: 22px;\"><strong>Requiem<\/strong> (2023) 30&#8242;<br \/>\n<em><span style=\"color: #999999;\">2.2.2.2\/ 4.2.2.1. \/ Timp. 3 Perc. \/ Pno.\/ Chorus (40 voices) \/ Strings<br \/>\n<\/span><\/em><span style=\"color: #000000;\">Work commissioned by the <a style=\"color: #000000;\" href=\"https:\/\/fundacionsgae.org\/\">Fundaci\u00f3n SGAE<\/a> and the <a style=\"color: #000000;\" href=\"https:\/\/www.aeos.es\/\">AEOS (Association of Spanish Orchestras)<\/a>, which will premiere at the <a style=\"color: #000000;\" href=\"https:\/\/www.auditorionacional.mcu.es\/es\">National Concert Hall of Spain<\/a> on 13th November 2023 by the<a style=\"color: #000000;\" href=\"http:\/\/Coro y Orquesta de la Comunidad de Madrid (ORCAM)\" data-wplink-url-error=\"true\"> Chorus and Symhony Orchestra of Madrid (ORCAM)<\/a><\/span><\/td>\n<td style=\"width: 49.6875%; height: 22px;\"><iframe loading=\"lazy\" title=\"YouTube video player\" src=\"\/\/www.youtube.com\/embed\/7lxo6sVUN2c\" width=\"441\" height=\"248\" frameborder=\"0\" allowfullscreen=\"allowfullscreen\"><\/iframe><iframe loading=\"lazy\" title=\"YouTube video player\" src=\"\/\/www.youtube.com\/embed\/QkifeG4G0bc?si=_aZQUAFLLNFrm0BT\" width=\"441\" height=\"248\" frameborder=\"0\" allowfullscreen=\"allowfullscreen\"><\/iframe><\/td>\n<\/tr>\n<tr style=\"height: 20px;\">\n<td style=\"width: 50.3125%; height: 20px;\"><strong>America <\/strong>(2017) 9\u2019<br \/>\n<em><span style=\"color: #999999;\">3.3.3.2\/ 4.3.3.1. \/ Timp. 3 Perc. \/ Hp. Strings<br \/>\n<\/span><\/em><span style=\"color: #000000;\">Premiered on October 5th by the Barcelona Symphony Orchestra and National Orchestra of Catalonia, conducted by Kazushi Ono at L'Auditori, Barcelona.<\/span><\/td>\n<td style=\"width: 49.6875%; height: 20px;\"><iframe loading=\"lazy\" src=\"\/\/www.youtube.com\/embed\/xyF1uq4HtVQ\" width=\"441\" height=\"248\" frameborder=\"0\" allowfullscreen=\"allowfullscreen\"><\/iframe><\/td>\n<\/tr>\n<tr style=\"height: 20px;\">\n<td style=\"width: 50.3125%; height: 20px;\"><strong>Eclipse for Orchestra <\/strong>(2017) 7\u2019<br \/>\n<em><span style=\"color: #999999;\">2.2.2.2 \/ 4.2.1.1 \/ 3 Perc. \/ Strings<\/span><\/em><br \/>\nEstrenada el 25 de Noviembre 2016 por la Orquesta Sinf\u00f3nica del Principiado de Asturias dirigida por Rossen Milanov en el Auditorio Pr\u00edncipe Felipe (Oviedo)<\/td>\n<td style=\"width: 49.6875%; height: 20px;\"><iframe loading=\"lazy\" src=\"\/\/www.youtube.com\/embed\/Io5ya10jUTo\" width=\"441\" height=\"195\" frameborder=\"0\" allowfullscreen=\"allowfullscreen\"><\/iframe><\/td>\n<\/tr>\n<tr style=\"height: 20px;\">\n<td style=\"width: 50.3125%; height: 20px;\"><strong>Reflejos\u00a0<\/strong>(2016) 2\u2019 30\u2019\u2019<br \/>\n<em><span style=\"color: #999999;\">2.2.2.2 \/ 4.2.1.1 \/ 2 Perc. \/ Strings<\/span><\/em>\u00a0<strong><br \/>\n<\/strong>Premiered on October 16, 2015, by the Symphony Orchestra of Asturias conducted by Rossen Milanov at the Casa de la Cultura in Avil\u00e9s.<\/td>\n<td style=\"width: 49.6875%; height: 20px;\"><iframe loading=\"lazy\" src=\"\/\/www.youtube.com\/embed\/QZoGIPLnAnM\" width=\"441\" height=\"203\" frameborder=\"0\" allowfullscreen=\"allowfullscreen\"><\/iframe><\/td>\n<\/tr>\n<tr style=\"height: 20px;\">\n<td style=\"width: 50.3125%; height: 20px;\"><strong>Nocturno Sinf\u00f3nico\u00a0<\/strong>(2017) 13\u2019<br \/>\n<em><span style=\"color: #999999;\">2.2.2.2. \/ 4.2. \/ Timp. 1 Perc. \/ Pno \/ Strings<\/span><\/em><strong><br \/>\n<\/strong>Premiered on March 14th by the Royal Philharmonic of Galicia conducted by Baldur Bronnimann at the Galicia Auditorium, Santiago de Compostela.<\/td>\n<td style=\"width: 49.6875%; height: 20px;\"><iframe loading=\"lazy\" src=\"\/\/www.youtube.com\/embed\/3quO7fE1K80?si=-2P1DN0pXG0OwVn4\" width=\"441\" height=\"248\" allowfullscreen=\"allowfullscreen\"><\/iframe><\/td>\n<\/tr>\n<tr style=\"height: 20px;\">\n<td style=\"width: 50.3125%; height: 20px;\"><strong>Diaspora of Symbols <\/strong>(2017) 10\u2019<br \/>\n<span style=\"color: #999999;\"><em>2.2.1.1. \/ 2.0.0.0. \/ 1 perc. \/ Strings<\/em><\/span><br \/>\nPremiered on February 14, 2018, by an orchestra formed by members of the Bruno Maderna Orchestra, the City of Almer\u00eda Orchestra, and the Syrian Expat Orchestra in Europe (SEPO), conducted by Missak Baghboudarian in Forl\u00ed, Italy.<\/td>\n<td style=\"width: 49.6875%; height: 20px;\"><iframe loading=\"lazy\" title=\"YouTube video player\" src=\"\/\/www.youtube.com\/embed\/YzA-_fDfHQE?si=NCmG3xu8Xei0ZG3D\" width=\"441\" height=\"248\" frameborder=\"0\" allowfullscreen=\"allowfullscreen\"><\/iframe><\/td>\n<\/tr>\n<tr style=\"height: 20px;\">\n<td style=\"width: 50.3125%; height: 20px;\"><strong data-rich-text-format-boundary=\"true\">Resonancias para Orquesta\u00a0<\/strong>(2012) 12\u2032<em><span style=\"color: #999999;\">2.2.2.2. \/ 2.2.2.1. \/Timp. 3 Perc. \/ Hp. \/ Strings<br \/>\n<\/span><\/em><span style=\"color: #000000;\">Premiered on April 13th, 2013 by the Symphony Orchestra of Asturias conducted by Rossen Milanov at the Principe Felipe Auditorium in Oviedo.<\/span><\/td>\n<td style=\"width: 49.6875%; height: 20px;\"><iframe loading=\"lazy\" title=\"YouTube video player\" src=\"\/\/www.youtube.com\/embed\/BXEwTYcMhnA?si=HEn1eKzcIRgiQqrC\" width=\"441\" height=\"248\" frameborder=\"0\" allowfullscreen=\"allowfullscreen\"><\/iframe><\/td>\n<\/tr>\n<tr style=\"height: 60px;\">\n<td style=\"width: 50.3125%; height: 60px;\"><\/td>\n<td style=\"width: 49.6875%; height: 60px;\"><\/td>\n<\/tr>\n<tr style=\"height: 20px;\">\n<td style=\"width: 50.3125%; height: 20px;\"><\/td>\n<td style=\"width: 49.6875%; height: 20px;\"><\/td>\n<\/tr>\n<\/tbody>\n<\/table>","protected":false},"excerpt":{"rendered":"<p>Selecci\u00f3n de obras para orquesta. Ir a Cat\u00e1logo para acceder a toda la obra sinf\u00f3nica Concerto for Sax Quartet and&hellip;<\/p>","protected":false},"author":1,"featured_media":0,"parent":0,"menu_order":0,"comment_status":"closed","ping_status":"closed","template":"","meta":{"footnotes":""},"class_list":["post-3936","page","type-page","status-publish","hentry"],"_links":{"self":[{"href":"https:\/\/www.marcos-fernandez.es\/en\/wp-json\/wp\/v2\/pages\/3936","targetHints":{"allow":["GET"]}}],"collection":[{"href":"https:\/\/www.marcos-fernandez.es\/en\/wp-json\/wp\/v2\/pages"}],"about":[{"href":"https:\/\/www.marcos-fernandez.es\/en\/wp-json\/wp\/v2\/types\/page"}],"author":[{"embeddable":true,"href":"https:\/\/www.marcos-fernandez.es\/en\/wp-json\/wp\/v2\/users\/1"}],"replies":[{"embeddable":true,"href":"https:\/\/www.marcos-fernandez.es\/en\/wp-json\/wp\/v2\/comments?post=3936"}],"version-history":[{"count":46,"href":"https:\/\/www.marcos-fernandez.es\/en\/wp-json\/wp\/v2\/pages\/3936\/revisions"}],"predecessor-version":[{"id":4856,"href":"https:\/\/www.marcos-fernandez.es\/en\/wp-json\/wp\/v2\/pages\/3936\/revisions\/4856"}],"wp:attachment":[{"href":"https:\/\/www.marcos-fernandez.es\/en\/wp-json\/wp\/v2\/media?parent=3936"}],"curies":[{"name":"wp","href":"https:\/\/api.w.org\/{rel}","templated":true}]}}