{"id":3948,"date":"2020-10-12T19:29:40","date_gmt":"2020-10-12T19:29:40","guid":{"rendered":"https:\/\/www.marcos-fernandez.es\/?page_id=3948"},"modified":"2023-07-03T15:28:06","modified_gmt":"2023-07-03T15:28:06","slug":"opera","status":"publish","type":"page","link":"https:\/\/www.marcos-fernandez.es\/en\/opera\/","title":{"rendered":"Opera and dance"},"content":{"rendered":"<p>Selection of works for opera, dance and videoart. Go to <a href=\"https:\/\/www.marcos-fernandez.es\/en\/catalogue\/\">Catalogue<\/a> to access to all of his music for stage<\/p>\n\n\n<table style=\"border-collapse: collapse; width: 100%; height: 2217px;\">\n<tbody>\n<tr style=\"height: 20px;\">\n<td style=\"width: 50.7812%; height: 20px;\">\u00a0<\/td>\n<td style=\"width: 49.2188%; height: 20px;\">\u00a0<\/td>\n<\/tr>\n<tr style=\"height: 259px;\">\n<td style=\"width: 50.7812%; height: 259px;\"><strong data-rich-text-format-boundary=\"true\">Smart City &#8211; Ballet<\/strong> (2021) 35\u2019\u00a0<br \/><span style=\"color: #999999;\"><em>Fauta, cello y piano <\/em><\/span>\u00a0<br \/>Commissioned for the Ballet Contemporani de Catalunya and the choreographer Miquel G. Font. The commission was funded by the Barcelona 2020 Grants and Awards from the Barcelona City Council.<\/td>\n<td style=\"width: 49.2188%; height: 259px;\"><iframe loading=\"lazy\" title=\"YouTube video player\" src=\"\/\/www.youtube.com\/embed\/bSnHnoJI_Ik?start=1637\" width=\"450\" height=\"253\" frameborder=\"0\" allowfullscreen=\"allowfullscreen\"><\/iframe><\/td>\n<\/tr>\n<tr style=\"height: 463px;\">\n<td style=\"width: 50.7812%; height: 463px;\">\n<p><strong data-rich-text-format-boundary=\"true\">Intangible &#8211; Videoarte <\/strong>(2021)<strong data-rich-text-format-boundary=\"true\"><br \/><\/strong>Dramaturgia\/concepto de Carolina Ceca\u00a0 20\u2019\u00a0<br \/><span style=\"color: #999999;\"><em>2 pians. (4 performers) <\/em><\/span>\u00a0Choreographic Work for Two Pianos for the Videart of the artist Carolina Ceca, where her work is integrated with the choreography she designed for the Butoh dancer, Shioya Tomoshi (from Dairakudakan).<strong data-rich-text-format-boundary=\"true\"><br \/><\/strong><\/p>\n<\/td>\n<td style=\"width: 49.2188%; height: 463px;\"><iframe loading=\"lazy\" src=\"\/\/player.vimeo.com\/video\/677161118?title=0&amp;amp;byline=0\" width=\"448\" height=\"248\" frameborder=\"0\" allowfullscreen=\"allowfullscreen\"><\/iframe><\/td>\n<\/tr>\n<tr style=\"height: 519px;\">\n<td style=\"width: 50.7812%; height: 519px;\"><strong data-rich-text-format-boundary=\"true\">The Soldier\u2019s Return &#8211; Opera <\/strong>(2019)<strong data-rich-text-format-boundary=\"true\"><br \/><\/strong>Libreto de Jacob Polley\u00a0 45\u2019\u00a0<br \/><span style=\"color: #999999;\"><em>Chorus, 4 singing roles (mezzo-soprano, tenor, baritone, bass-baritone) Violin, cello,<br \/>bassoon, clarinet, trumpet, trombone, percussion<\/em><\/span>\u00a0<br \/>Enjoy the third opera by Spanish composer Marcos Fernandez-Barrero in this video<br \/>(Watch <a href=\"https:\/\/drive.google.com\/file\/d\/1hPIBVMPPNBY0NyPxRnjEs37KiOBR6wS5\/view?usp=sharing\" target=\"_blank\" rel=\"noopener noreferrer\">Program<\/a> or <a href=\"https:\/\/drive.google.com\/file\/d\/1Za7dQB7K3HkwQ-81niiaHDbeJm5PWGxQ\/view?usp=sharing\" target=\"_blank\" rel=\"noopener noreferrer\">Libretto)<\/a>.\u00a0<br \/>Premiered on November 8, 2020 by Opera Sunderland directed by Marco Romano in a cinematic and streaming version. More information <a href=\"https:\/\/www.operasunderland.co.uk\/operas-events\/the-soldiers-return\">here<\/a>\u00a0<\/td>\n<td style=\"width: 49.2188%; height: 519px;\"><iframe loading=\"lazy\" src=\"\/\/player.vimeo.com\/video\/469353255?title=0&amp;amp;byline=0\" width=\"461\" height=\"249\" frameborder=\"0\" allowfullscreen=\"allowfullscreen\"><\/iframe><\/td>\n<\/tr>\n<tr style=\"height: 374px;\">\n<td style=\"width: 50.7812%; height: 374px;\"><strong style=\"font-size: inherit;\" data-rich-text-format-boundary=\"true\">Miracle! &#8211; Opera\u00a0<\/strong>(2015) <br \/>Libretto by David Almond <span style=\"font-size: inherit;\">100\u2019<br \/><\/span><em><span style=\"color: #999999;\">5 singing roles (soprano, tenor, 2 baritones), chorus (SAT(B)), flute (piccolo), horn, percussion,<br \/>piano, 2 violins, viola, cello and double bass.<\/span><\/em>\u00a0<br \/>Premiered on November 19, 2018 in Sunderland by Opera Sunderland (Music in The Minster) directed by Marco Romano. More information <a href=\"https:\/\/www.operasunderland.co.uk\/operas-events\/miracle-opera-two-halves\">here<\/a>.<\/td>\n<td style=\"width: 49.2188%; height: 374px;\"><a href=\"https:\/\/www.marcos-fernandez.es\/wp-content\/uploads\/MIRACLE-Libretto-by-Music-by....2.jpg\"><img loading=\"lazy\" decoding=\"async\" class=\"alignnone wp-image-4089\" src=\"https:\/\/www.marcos-fernandez.es\/wp-content\/uploads\/MIRACLE-Libretto-by-Music-by....2-1024x573.jpg\" alt=\"\" width=\"800\" height=\"447\" srcset=\"https:\/\/www.marcos-fernandez.es\/wp-content\/uploads\/MIRACLE-Libretto-by-Music-by....2-1024x573.jpg 1024w, https:\/\/www.marcos-fernandez.es\/wp-content\/uploads\/MIRACLE-Libretto-by-Music-by....2-300x168.jpg 300w, https:\/\/www.marcos-fernandez.es\/wp-content\/uploads\/MIRACLE-Libretto-by-Music-by....2-768x429.jpg 768w, https:\/\/www.marcos-fernandez.es\/wp-content\/uploads\/MIRACLE-Libretto-by-Music-by....2.jpg 1134w\" sizes=\"auto, (max-width: 800px) 100vw, 800px\" \/><\/a><\/td>\n<\/tr>\n<tr style=\"height: 295px;\">\n<td style=\"width: 50.7812%; height: 295px;\"><strong data-rich-text-format-boundary=\"true\">Noctum &#8211; Opera <\/strong>(2009)<strong data-rich-text-format-boundary=\"true\"><br \/><\/strong>Libreto de Natalia Calder\u00f3n\u00a0 40\u2019<br \/><span style=\"color: #999999;\"><em>Voice (soprano), mime artist, flute, clarinet, violin, cello, piano and electronics<\/em>\u00a0<\/span><br \/>Premiere on October 7, 2011 by Cre.Art Project at the Palacio de la Audiencia Theater in Soria.\u00a0<\/td>\n<td style=\"width: 49.2188%; height: 295px;\">\n<p><iframe loading=\"lazy\" src=\"\/\/www.youtube.com\/embed\/PgQVI0eo-Dk\" width=\"450\" height=\"253\" frameborder=\"0\" allowfullscreen=\"allowfullscreen\"><\/iframe><\/p>\n<\/td>\n<\/tr>\n<tr style=\"height: 207px;\">\n<td style=\"width: 50.7812%; height: 207px;\"><strong>Hispania &#8211; Ballet <\/strong>\u00a0(2007) 18\u2019\u00a0<br \/><span style=\"color: #999999;\"><em>Fl., Ob., Cl., Bsn., Tpt. Hn., Tbn., Tba, 2 Perc., Pno, Strings.<\/em><\/span><br \/>Premiered on January 22nd, 2010 in Glasgow by Alba <br \/>Sinfonia conducted by Bede Williams<\/td>\n<td style=\"width: 49.2188%; height: 207px;\">\u00a0<\/td>\n<\/tr>\n<tr style=\"height: 20px;\">\n<td style=\"width: 50.7812%; height: 20px;\">\u00a0<\/td>\n<td style=\"width: 49.2188%; height: 20px;\">\u00a0<\/td>\n<\/tr>\n<tr style=\"height: 20px;\">\n<td style=\"width: 50.7812%; height: 20px;\">\u00a0<\/td>\n<td style=\"width: 49.2188%; height: 20px;\">\u00a0<\/td>\n<\/tr>\n<tr style=\"height: 20px;\">\n<td style=\"width: 50.7812%; height: 20px;\">\u00a0<\/td>\n<td style=\"width: 49.2188%; height: 20px;\">\u00a0<\/td>\n<\/tr>\n<tr style=\"height: 20px;\">\n<td style=\"width: 50.7812%; height: 20px;\">\u00a0<\/td>\n<td style=\"width: 49.2188%; height: 20px;\">\u00a0<\/td>\n<\/tr>\n<\/tbody>\n<\/table>","protected":false},"excerpt":{"rendered":"<p>Selecci\u00f3n de obras esc\u00e9nicas de \u00f3pera, danza y videoarte. Ir a Cat\u00e1logo para acceder a toda la obra esc\u00e9nica completa&hellip;<\/p>","protected":false},"author":1,"featured_media":0,"parent":0,"menu_order":0,"comment_status":"closed","ping_status":"closed","template":"","meta":{"footnotes":""},"class_list":["post-3948","page","type-page","status-publish","hentry"],"_links":{"self":[{"href":"https:\/\/www.marcos-fernandez.es\/en\/wp-json\/wp\/v2\/pages\/3948","targetHints":{"allow":["GET"]}}],"collection":[{"href":"https:\/\/www.marcos-fernandez.es\/en\/wp-json\/wp\/v2\/pages"}],"about":[{"href":"https:\/\/www.marcos-fernandez.es\/en\/wp-json\/wp\/v2\/types\/page"}],"author":[{"embeddable":true,"href":"https:\/\/www.marcos-fernandez.es\/en\/wp-json\/wp\/v2\/users\/1"}],"replies":[{"embeddable":true,"href":"https:\/\/www.marcos-fernandez.es\/en\/wp-json\/wp\/v2\/comments?post=3948"}],"version-history":[{"count":89,"href":"https:\/\/www.marcos-fernandez.es\/en\/wp-json\/wp\/v2\/pages\/3948\/revisions"}],"predecessor-version":[{"id":4665,"href":"https:\/\/www.marcos-fernandez.es\/en\/wp-json\/wp\/v2\/pages\/3948\/revisions\/4665"}],"wp:attachment":[{"href":"https:\/\/www.marcos-fernandez.es\/en\/wp-json\/wp\/v2\/media?parent=3948"}],"curies":[{"name":"wp","href":"https:\/\/api.w.org\/{rel}","templated":true}]}}