{"id":3981,"date":"2020-10-12T21:00:09","date_gmt":"2020-10-12T21:00:09","guid":{"rendered":"https:\/\/www.marcos-fernandez.es\/?page_id=3981"},"modified":"2024-09-13T10:01:53","modified_gmt":"2024-09-13T10:01:53","slug":"discografia","status":"publish","type":"page","link":"https:\/\/www.marcos-fernandez.es\/en\/discografia\/","title":{"rendered":"Discography"},"content":{"rendered":"<hr class=\"wp-block-separator has-css-opacity\"\/>\n\n\n<p><strong>Chamber Music For Dance<\/strong><br \/><a href=\"https:\/\/www.marcos-fernandez.es\/wp-content\/uploads\/Sin-titulo.jpg\"><img loading=\"lazy\" decoding=\"async\" class=\"alignleft wp-image-4799\" src=\"https:\/\/www.marcos-fernandez.es\/wp-content\/uploads\/Sin-titulo.jpg\" alt=\"\" width=\"300\" height=\"299\" srcset=\"https:\/\/www.marcos-fernandez.es\/wp-content\/uploads\/Sin-titulo.jpg 605w, https:\/\/www.marcos-fernandez.es\/wp-content\/uploads\/Sin-titulo-300x300.jpg 300w, https:\/\/www.marcos-fernandez.es\/wp-content\/uploads\/Sin-titulo-150x150.jpg 150w, https:\/\/www.marcos-fernandez.es\/wp-content\/uploads\/Sin-titulo-12x12.jpg 12w\" sizes=\"auto, (max-width: 300px) 100vw, 300px\" \/><\/a>\u00c1lbum con 8 obras recogidas en la <strong>Suite Intangible<\/strong> &#8211; escrita y producida para la banda sonora del videoarte &#8216;Intangible&#8217; de Carolina Ceca &#8211; para cuatro pianistas y dos piano y los dos<strong> Interludios <\/strong>para Piano y Viol\u00edn. Producido en 2022, Barcelona. Disponible en Spotify, iTunes, Amazon, Google Play y todos los distribuidores oficiales.M\u00e1s informaci\u00f3n <a href=\"https:\/\/open.spotify.com\/album\/77eVMamlLJuQHSGCvOFj0D?si=JhYu5pzRTbG2qvBMSO_kRg\">here<\/a>.<\/p>\n<p>\u00a0<\/p>\n<p>\u00a0<\/p>\n<p>\u00a0<\/p>\n<p><\/p>\n<hr class=\"wp-block-separator has-css-opacity\" \/>\n<p><\/p>\n<p><strong>Guitar Underscore<\/strong> <br \/><a href=\"https:\/\/www.marcos-fernandez.es\/wp-content\/uploads\/Guitar-Underscore-cover-Small-e1602536297423.jpg\"><img loading=\"lazy\" decoding=\"async\" class=\"size-full wp-image-3982 alignleft\" src=\"https:\/\/www.marcos-fernandez.es\/wp-content\/uploads\/Guitar-Underscore-cover-Small-e1602536297423.jpg\" alt=\"\" width=\"300\" height=\"300\" \/><\/a>Album with 12 guitar works composed and performed entirely by Marcos Fern\u00e1ndez-Barrero. Produced in 2020, Barcelona. Available on Spotify, iTunes, Amazon, Google Play, and all official distributors. More information <a href=\"https:\/\/www.pianounderscore.com\/\">here<\/a>.<\/p>\n<p>\u00a0<\/p>\n<p>\u00a0<\/p>\n<p>\u00a0<\/p>\n\n\n<p><strong><br \/>Piano Underscore II<\/strong> <br \/><a href=\"https:\/\/www.marcos-fernandez.es\/wp-content\/uploads\/Piano-Underscore-II-Cartula-for-web-2-e1602536250889.jpg\"><img loading=\"lazy\" decoding=\"async\" class=\"size-full wp-image-3969 alignleft\" src=\"https:\/\/www.marcos-fernandez.es\/wp-content\/uploads\/Piano-Underscore-II-Cartula-for-web-2-e1602536250889.jpg\" alt=\"\" width=\"300\" height=\"225\" \/><\/a>Album with 12 piano works composed and performed entirely by Marcos Fern\u00e1ndez-Barrero. Produced in 2017, London. Available on Spotify, iTunes, Amazon, Google Play, and all official distributors. More information <a href=\"https:\/\/www.pianounderscore.com\/\">here<\/a>.<br \/><br \/><br \/><br \/><\/p>\n\n\n\n<hr class=\"wp-block-separator has-css-opacity\"\/>\n\n\n\n<p><strong><br>Sarabande<\/strong> <br><a href=\"https:\/\/www.marcos-fernandez.es\/wp-content\/uploads\/asd-e1602536237842.jpg\"><img loading=\"lazy\" decoding=\"async\" class=\"size-full wp-image-3970 alignleft\" src=\"https:\/\/www.marcos-fernandez.es\/wp-content\/uploads\/asd-e1602536237842.jpg\" alt=\"\" width=\"300\" height=\"227\"><\/a>The New Ensemble\" and director Salvador Sebasti\u00e0 recorded the score of <em>Sarabande<\/em> by Marcos Fern\u00e1ndez during the concert of the final of the composition contest 'XXVI Premio J\u00f3venes Compositores 2015 Fundaci\u00f3n Autor - CNDM'. The recording is included in a special promotional CD production made by SGAE, Fundaci\u00f3n Autor, and Cezanne Producciones. Madrid, 2016<br><br><\/p>\n\n\n\n<hr class=\"wp-block-separator has-css-opacity\"\/>\n\n\n\n<p><strong><br>Piano Underscore<\/strong> <br><a href=\"https:\/\/www.marcos-fernandez.es\/wp-content\/uploads\/Piano-Underscore-4-e1602536226180.jpg\"><img loading=\"lazy\" decoding=\"async\" class=\"size-full wp-image-3971 alignleft\" src=\"https:\/\/www.marcos-fernandez.es\/wp-content\/uploads\/Piano-Underscore-4-e1602536226180.jpg\" alt=\"\" width=\"300\" height=\"222\"><\/a>Album with 7 piano works composed and performed entirely by Marcos Fern\u00e1ndez-Barrero. Produced in 2013, London. Available on Spotify, iTunes, Amazon, Google Play, and all official distributors. More information. <a href=\"https:\/\/www.pianounderscore.com\/\">here<\/a>.<br><br><br><\/p>\n\n\n\n<hr class=\"wp-block-separator has-css-opacity\"\/>\n\n\n\n<p><strong><br>Rhapsody I<br><\/strong> <a href=\"https:\/\/www.marcos-fernandez.es\/wp-content\/uploads\/Rhapsody-3-300x225-1.jpg\"><img loading=\"lazy\" decoding=\"async\" class=\"size-full wp-image-3977 alignleft\" src=\"https:\/\/www.marcos-fernandez.es\/wp-content\/uploads\/Rhapsody-3-300x225-1.jpg\" alt=\"\" width=\"300\" height=\"225\"><\/a>The work <em>Linear<\/em>, composed by Marcos Fern\u00e1ndez-Barrero for instrumental group and electronics, is featured on the CD Rhapsoy I commissioned by the charitable organization Chelsea and Westminster Health. It was recorded by the RCM Ensemble with the collaboration of Eric Whitacre and conductor Maite Aguirre, in the year 2013. More information <a href=\"https:\/\/www.marcos-fernandez.es\/en\/rhapsody\/\">here<\/a><br><br><br><br><\/p>\n\n\n\n<hr class=\"wp-block-separator has-css-opacity\"\/>\n\n\n\n<p><strong><br>Mare-entro-Terra<br><\/strong><a href=\"https:\/\/www.marcos-fernandez.es\/wp-content\/uploads\/Sgae-10-e1602536213777.jpg\"><img loading=\"lazy\" decoding=\"async\" class=\"size-full wp-image-3972 alignleft\" src=\"https:\/\/www.marcos-fernandez.es\/wp-content\/uploads\/Sgae-10-e1602536213777.jpg\" alt=\"\" width=\"300\" height=\"223\"><\/a>The instrumental group Siglo XX and its conductor, Florian Vlashi, recorded the score of Marcos Fern\u00e1ndez's 'Mare-entro-Terrai during the final concert of the composition contest \"XXIII Premio J\u00f3venes Compositores 2012 Fundaci\u00f3n Autor \u2013 CNDM\". The recording is included in a special promotional CD production by SGAE, Fundaci\u00f3n Autor, and Cezanne Producciones. Madrid, 2012.<\/p>","protected":false},"excerpt":{"rendered":"<p>Chamber Music For Dance\u00c1lbum con 8 obras recogidas en la Suite Intangible &#8211; escrita y producida para la banda sonora&hellip;<\/p>","protected":false},"author":1,"featured_media":0,"parent":0,"menu_order":0,"comment_status":"closed","ping_status":"closed","template":"","meta":{"footnotes":""},"class_list":["post-3981","page","type-page","status-publish","hentry"],"_links":{"self":[{"href":"https:\/\/www.marcos-fernandez.es\/en\/wp-json\/wp\/v2\/pages\/3981","targetHints":{"allow":["GET"]}}],"collection":[{"href":"https:\/\/www.marcos-fernandez.es\/en\/wp-json\/wp\/v2\/pages"}],"about":[{"href":"https:\/\/www.marcos-fernandez.es\/en\/wp-json\/wp\/v2\/types\/page"}],"author":[{"embeddable":true,"href":"https:\/\/www.marcos-fernandez.es\/en\/wp-json\/wp\/v2\/users\/1"}],"replies":[{"embeddable":true,"href":"https:\/\/www.marcos-fernandez.es\/en\/wp-json\/wp\/v2\/comments?post=3981"}],"version-history":[{"count":18,"href":"https:\/\/www.marcos-fernandez.es\/en\/wp-json\/wp\/v2\/pages\/3981\/revisions"}],"predecessor-version":[{"id":4802,"href":"https:\/\/www.marcos-fernandez.es\/en\/wp-json\/wp\/v2\/pages\/3981\/revisions\/4802"}],"wp:attachment":[{"href":"https:\/\/www.marcos-fernandez.es\/en\/wp-json\/wp\/v2\/media?parent=3981"}],"curies":[{"name":"wp","href":"https:\/\/api.w.org\/{rel}","templated":true}]}}